{"id":39,"date":"2021-12-08T11:23:49","date_gmt":"2021-12-08T10:23:49","guid":{"rendered":"http:\/\/ophtaviaduc.fr\/?page_id=39"},"modified":"2021-12-08T12:49:18","modified_gmt":"2021-12-08T11:49:18","slug":"infirmier","status":"publish","type":"page","link":"https:\/\/ophtaviaduc.fr\/?page_id=39","title":{"rendered":"Infirmier"},"content":{"rendered":"\n<p>Le centre ophtalmologique comprend un cabinet d&rsquo;infirmier.<br><strong>Pour prendre rendez-vous<\/strong><br>Par t\u00e9l\u00e9phone : <a href=\"tel:+33466483727\" data-type=\"tel\" data-id=\"tel:+33466483727\">04 66 49 34 27<\/a><br>Par mail : <a href=\"mailto:sauce.ch@wanadoo.fr\">sauce.ch@wanadoo.fr<\/a><\/p>\n\n\n\n<p><strong>Horaires<\/strong><br>Du Lundi au dimanche de 6h \u00e0 20h<\/p>\n\n\n\n<figure class=\"wp-block-image size-full is-resized\"><img loading=\"lazy\" src=\"https:\/\/ophtaviaduc.fr\/wp-content\/uploads\/2021\/12\/scp-infirmier-du-viaduc.jpg\" alt=\"\" class=\"wp-image-40\" width=\"409\" height=\"250\" srcset=\"https:\/\/ophtaviaduc.fr\/wp-content\/uploads\/2021\/12\/scp-infirmier-du-viaduc.jpg 600w, https:\/\/ophtaviaduc.fr\/wp-content\/uploads\/2021\/12\/scp-infirmier-du-viaduc-300x184.jpg 300w\" sizes=\"(max-width: 409px) 100vw, 409px\" \/><figcaption>SCP Infirmier du viaduc<\/figcaption><\/figure>\n","protected":false},"excerpt":{"rendered":"<p>Le centre ophtalmologique comprend un cabinet d&rsquo;infirmier.Pour prendre rendez-vousPar t\u00e9l\u00e9phone : 04 66 49 34 27Par mail : sauce.ch@wanadoo.fr HorairesDu Lundi au dimanche de 6h \u00e0 20h<\/p>\n","protected":false},"author":1,"featured_media":0,"parent":0,"menu_order":0,"comment_status":"closed","ping_status":"closed","template":"","meta":[],"_links":{"self":[{"href":"https:\/\/ophtaviaduc.fr\/index.php?rest_route=\/wp\/v2\/pages\/39"}],"collection":[{"href":"https:\/\/ophtaviaduc.fr\/index.php?rest_route=\/wp\/v2\/pages"}],"about":[{"href":"https:\/\/ophtaviaduc.fr\/index.php?rest_route=\/wp\/v2\/types\/page"}],"author":[{"embeddable":true,"href":"https:\/\/ophtaviaduc.fr\/index.php?rest_route=\/wp\/v2\/users\/1"}],"replies":[{"embeddable":true,"href":"https:\/\/ophtaviaduc.fr\/index.php?rest_route=%2Fwp%2Fv2%2Fcomments&post=39"}],"version-history":[{"count":6,"href":"https:\/\/ophtaviaduc.fr\/index.php?rest_route=\/wp\/v2\/pages\/39\/revisions"}],"predecessor-version":[{"id":108,"href":"https:\/\/ophtaviaduc.fr\/index.php?rest_route=\/wp\/v2\/pages\/39\/revisions\/108"}],"wp:attachment":[{"href":"https:\/\/ophtaviaduc.fr\/index.php?rest_route=%2Fwp%2Fv2%2Fmedia&parent=39"}],"curies":[{"name":"wp","href":"https:\/\/api.w.org\/{rel}","templated":true}]}}